{"id":1144,"date":"2024-11-08T01:07:54","date_gmt":"2024-11-07T23:07:54","guid":{"rendered":"https:\/\/femiliarise.com\/?page_id=1144"},"modified":"2025-02-14T13:07:59","modified_gmt":"2025-02-14T11:07:59","slug":"holistic-womens-health","status":"publish","type":"page","link":"https:\/\/femiliarise.com\/nb\/holistic-womens-health\/","title":{"rendered":"Holistic Women\u2019s Health"},"content":{"rendered":"<div id=\"text-3962969840\" class=\"text hidden\">\n\t\t\n\n<h1>Holistic Women\u2019s Health<\/h1>\n<p>Holistic Women\u2019s Health. Discover holistic support for women\u2019s health, fertility, pregnancy, birth, postpartum.<\/p>\n<h2>Femiliarise<\/h2>\n<p>A nested word which contains 4 meaningful words: feminine, family, familiarise\u00a0and rise.\u00a0Femiliarise is an integrative midwifery approach and body movement service based in Oslo,\u00a0Norway.<\/p>\n<p>Its mission is to inform, educate, empower and support both women and families.\u00a0Our bespoke approach offers services in the fields of parenthood preparation &amp; support,\u00a0lactation and reproductive &#8211; sexual health.<\/p>\n<p class=\"translation-block\">Kroppsbevegelses-delen tilbyr skreddersydde timer i yoga-, somatikk- og puste-\u00f8velser for \u00e5 st\u00f8tte kroppen og sinnet ditt gjennom de forskjellige fasene i kvinnens liv.<\/p>\n<div id=\"row-694521941\" class=\"row align-middle\">\n<div id=\"col-1306321146\" class=\"col medium-6 small-12 large-6\">\n<div class=\"col-inner\">\n<div id=\"text-2102220223\" class=\"text\">\n<h3>V\u00e5r tiln\u00e6rming<\/h3>\n<p>V\u00e5r tiln\u00e6rming er helhetlig og er forankret i kroppens, naturlige og unike evne til \u00e5 tilpasse seg, finne likevekt, helbrede og gjenopprette balanse i m\u00f8te med de riktige \u00abverkt\u00f8yene\u00bb.\u00a0<\/p>\n<p>Disse \u00abverkt\u00f8yene\u00bb er:\u00a0<\/p>\n<ul>\n<li aria-level=\"1\">N\u00e6ringsstoffer<\/li>\n<li>Trening<\/li>\n<li aria-level=\"1\">Milj\u00f8<\/li>\n<li aria-level=\"1\">Selvbevissthet\u00a0<\/li>\n<li aria-level=\"1\">Livsstil<\/li>\n<li aria-level=\"1\">Evidensbasert informasjon<\/li>\n<\/ul>\n<\/div>\n<\/div>\n<\/div>\n<\/div>\n<div id=\"row-1767323595\" class=\"row\">\n<div id=\"col-870432620\" class=\"col small-12 large-12\">\n<div class=\"col-inner\">\n<div id=\"text-90014857\" class=\"text\">\n<p>De kan brukes komplement\u00e6rt n\u00e5r og hvor medisinsk behandling er n\u00f8dvendig.<\/p>\n<p>The hybrid model that we use for our services is based on the pillars of telehealth.\u00a0It gives\u00a0everybody the flexibility to choose both the location and the environment adjusted to their\u00a0personal needs.<\/p>\n<p>V\u00e5re tjenester gjennomf\u00f8res i et mangfoldig, upartisk og ikke-d\u00f8mmende milj\u00f8.<\/p>\n<p>Our website created by <a href=\"https:\/\/webdesign-koni.gr\/\">https:\/\/webdesign-koni.gr\/<\/a><\/p>\n<h3><a href=\"https:\/\/femiliarise.com\/nb\/movement-breath\/\"><strong>Bevegelse &amp; Pust<\/strong><\/a><\/h3>\n<h3><a href=\"https:\/\/femiliarise.com\/nb\/infant-massage\/\">Babymassasje<\/a><\/h3>\n<h3><a href=\"https:\/\/femiliarise.com\/nb\/reproductive-sexual-health\/\">Reproduktiv &amp; Seksuell helse<\/a><\/h3>\n<h3><a href=\"https:\/\/femiliarise.com\/nb\/lactation\/\"><strong>Amming<\/strong><\/a><\/h3>\n<h3><a href=\"https:\/\/femiliarise.com\/nb\/family\/\"><strong>Familie<\/strong><\/a><\/h3>\n<p class=\"p1\">#Integrativemidwife<\/p>\n<p class=\"p1\">#Pregnancy<\/p>\n<p class=\"p1\">#Birthpreparation<\/p>\n<p class=\"p1\">#Lactationconsultant<\/p>\n<p class=\"p1\">#Postnatal<\/p>\n<p class=\"p1\">#Menopausesupport<\/p>\n<p class=\"p1\">#Fertilitysupport<\/p>\n<p class=\"p1\">#Pregnancyloss<\/p>\n<p class=\"p1\">#Pelvichealth<\/p>\n<p class=\"p1\">#Sexualhealth<\/p>\n<p class=\"p1\">#JordmorOslo<\/p>\n<p class=\"p1\">#Svangerskap<\/p>\n<p class=\"p1\">#F\u00f8dselsforberedende<\/p>\n<p class=\"p1\">#AmmeveiledningOslo<\/p>\n<p class=\"p1\">#Barsel<\/p>\n<p class=\"p1\">#Overgangsalder<\/p>\n<p class=\"p1\">#Fertilitet<\/p>\n<p class=\"p1\">#Svangerskapstap<\/p>\n<p class=\"p1\">#Bekkebunnenhelse<\/p>\n<p class=\"p1\">#Sexuellhelse<\/p>\n<p class=\"p1\">#\u039f\u03bb\u03b9\u03c3\u03c4\u03b9\u03ba\u03ae \u03bc\u03b1\u03af\u03b1<\/p>\n<p class=\"p1\">#\u0395\u03b3\u03ba\u03c5\u03bc\u03bf\u03c3\u03cd\u03bd\u03b7<\/p>\n<p class=\"p1\">#\u03a0\u03c1\u03bf\u03b5\u03c4\u03bf\u03b9\u03bc\u03b1\u03c3\u03af\u03b1\u03c4\u03bf\u03ba\u03b5\u03c4\u03bf\u03cd<\/p>\n<p class=\"p1\">#\u03a3\u03cd\u03bc\u03b2\u03bf\u03c5\u03bb\u03bf\u03c2\u03b3\u03b1\u03bb\u03bf\u03c5\u03c7\u03af\u03b1\u03c2<\/p>\n<p class=\"p1\">#\u039b\u03bf\u03c7\u03b5\u03af\u03b1<\/p>\n<p class=\"p1\">#\u0395\u03bc\u03bc\u03b7\u03bd\u03cc\u03c0\u03b1\u03c5\u03c3\u03b7\u03c5\u03c0\u03bf\u03c3\u03c4\u03ae\u03c1\u03b9\u03be\u03b7<\/p>\n<p class=\"p1\">#\u0393\u03bf\u03bd\u03b9\u03bc\u03cc\u03c4\u03b7\u03c4\u03b1\u03c5\u03c0\u03bf\u03c3\u03c4\u03ae\u03c1\u03b9\u03be\u03b7<\/p>\n<p class=\"p1\">#\u0391\u03c0\u03ce\u03bb\u03b5\u03b9\u03b1\u03b5\u03b3\u03ba\u03c5\u03bc\u03bf\u03c3\u03cd\u03bd\u03b7\u03c2<\/p>\n<p class=\"p1\">#\u03a5\u03b3\u03b5\u03af\u03b1\u03c0\u03c5\u03ad\u03bb\u03bf\u03c5<\/p>\n<p class=\"p1\">#\u03a3\u03b5\u03be\u03bf\u03c5\u03b1\u03bb\u03b9\u03ba\u03ae\u03c5\u03b3\u03b5\u03af\u03b1<\/p>\n<p>\u00a0<\/p>\n<\/div>\n<\/div>\n<\/div>\n<\/div>\n\t\t\t<\/div>\n\t\n\n\t<section class=\"section\" id=\"section_566660834\">\n\t\t<div class=\"section-bg fill\" >\n\t\t\t\t\t\t\t\t\t<div class=\"section-bg-overlay absolute fill\"><\/div>\n\t\t\t\n\n\t\t<\/div>\n\n\t\t\n\n\t\t<div class=\"section-content relative\">\n\t\t\t\n\n<div class=\"row\"  id=\"row-747565391\">\n\n\n\t<div id=\"col-1263337624\" class=\"col small-12 large-12\"  data-animate=\"fadeInUp\">\n\t\t\t\t<div class=\"col-inner text-center\" style=\"background-color:rgb(147, 159, 126);\" >\n\t\t\t\n\t\t\t\n\n\t<div id=\"gap-1427121908\" class=\"gap-element clearfix\" style=\"display:block; height:auto;\">\n\t\t\n<style>\n#gap-1427121908 {\n  padding-top: 50px;\n}\n<\/style>\n\t<\/div>\n\t\n\n\t<div class=\"img has-hover x md-x lg-x y md-y lg-y\" id=\"image_130929384\">\n\t\t<a class=\"\" href=\"https:\/\/femiliarise.com\/nb\/home\/\" >\t\t\t\t\t\t<div class=\"img-inner dark\" >\n\t\t\t<img decoding=\"async\" src=\"https:\/\/femiliarise.com\/wp-content\/uploads\/2025\/02\/femilliarise-logo.svg\" class=\"attachment-original size-original\" alt=\"femilliarise logo\" \/>\t\t\t\t\t\t\n\t\t\t\t\t<\/div>\n\t\t\t\t\t\t<\/a>\t\t\n<style>\n#image_130929384 {\n  width: 88%;\n}\n@media (min-width:550px) {\n  #image_130929384 {\n    width: 45%;\n  }\n}\n@media (min-width:850px) {\n  #image_130929384 {\n    width: 43%;\n  }\n}\n<\/style>\n\t<\/div>\n\t\n\n\t<div id=\"gap-1398085132\" class=\"gap-element clearfix\" style=\"display:block; height:auto;\">\n\t\t\n<style>\n#gap-1398085132 {\n  padding-top: 50px;\n}\n<\/style>\n\t<\/div>\n\t\n\n<a href=\"https:\/\/femiliarise.com\/nb\/home\/\" class=\"button white is-large lowercase\" style=\"border-radius:10px;padding:0px 45px 0px 45px;\">\n\t\t<span>Discover more<\/span>\n\t<\/a>\n\n\n\n\t\t<\/div>\n\t\t\t\t\n<style>\n#col-1263337624 > .col-inner {\n  padding: 0px 0px 0px 0px;\n}\n@media (min-width:550px) {\n  #col-1263337624 > .col-inner {\n    padding: 0px 70px 0px 0px;\n  }\n}\n<\/style>\n\t<\/div>\n\n\t\n\n\n<style>\n#row-747565391 > .col > .col-inner {\n  background-color: rgb(147, 159, 126);\n}\n<\/style>\n<\/div>\n\n\t\t<\/div>\n\n\t\t\n<style>\n#section_566660834 {\n  padding-top: 30px;\n  padding-bottom: 30px;\n  background-color: rgb(147, 159, 126);\n}\n#section_566660834 .section-bg-overlay {\n  background-color: rgb(147, 159, 126);\n}\n<\/style>\n\t<\/section>","protected":false},"excerpt":{"rendered":"","protected":false},"author":2,"featured_media":954,"parent":0,"menu_order":0,"comment_status":"closed","ping_status":"closed","template":"page-blank-landingpage.php","meta":{"footnotes":""},"class_list":["post-1144","page","type-page","status-publish","has-post-thumbnail","hentry"],"yoast_head":"<!-- This site is optimized with the Yoast SEO Premium plugin v27.3 (Yoast SEO v27.3) - https:\/\/yoast.com\/product\/yoast-seo-premium-wordpress\/ -->\n<title>Holistic Women\u2019s Health, Pregnancy, and Family Care<\/title>\n<meta name=\"description\" content=\"Holistic Women\u2019s Health. Discover holistic support for women\u2019s health, fertility, pregnancy, birth, postpartum.\" \/>\n<meta name=\"robots\" content=\"index, follow, max-snippet:-1, max-image-preview:large, max-video-preview:-1\" \/>\n<link rel=\"canonical\" href=\"https:\/\/femiliarise.com\/nb\/holistic-womens-health\/\" \/>\n<meta property=\"og:locale\" content=\"nb_NO\" \/>\n<meta property=\"og:type\" content=\"article\" \/>\n<meta property=\"og:title\" content=\"Holistic Women\u2019s Health\" \/>\n<meta property=\"og:description\" content=\"Holistic Women\u2019s Health. Discover holistic support for women\u2019s health, fertility, pregnancy, birth, postpartum.\" \/>\n<meta property=\"og:url\" content=\"https:\/\/femiliarise.com\/nb\/holistic-womens-health\/\" \/>\n<meta property=\"og:site_name\" content=\"Femiliarise\" \/>\n<meta property=\"article:modified_time\" content=\"2025-02-14T11:07:59+00:00\" \/>\n<meta property=\"og:image\" content=\"https:\/\/femiliarise.com\/wp-content\/uploads\/2023\/12\/AdobeStock_117766816-scaled.jpeg\" \/>\n\t<meta property=\"og:image:width\" content=\"2560\" \/>\n\t<meta property=\"og:image:height\" content=\"1709\" \/>\n\t<meta property=\"og:image:type\" content=\"image\/jpeg\" \/>\n<meta name=\"twitter:card\" content=\"summary_large_image\" \/>\n<meta name=\"twitter:label1\" content=\"Ansl. lesetid\" \/>\n\t<meta name=\"twitter:data1\" content=\"2 minutter\" \/>\n<script type=\"application\/ld+json\" class=\"yoast-schema-graph\">{\"@context\":\"https:\\\/\\\/schema.org\",\"@graph\":[{\"@type\":\"WebPage\",\"@id\":\"https:\\\/\\\/femiliarise.com\\\/holistic-womens-health\\\/\",\"url\":\"https:\\\/\\\/femiliarise.com\\\/holistic-womens-health\\\/\",\"name\":\"Holistic Women\u2019s Health, Pregnancy, and Family Care\",\"isPartOf\":{\"@id\":\"https:\\\/\\\/femiliarise.com\\\/#website\"},\"primaryImageOfPage\":{\"@id\":\"https:\\\/\\\/femiliarise.com\\\/holistic-womens-health\\\/#primaryimage\"},\"image\":{\"@id\":\"https:\\\/\\\/femiliarise.com\\\/holistic-womens-health\\\/#primaryimage\"},\"thumbnailUrl\":\"https:\\\/\\\/femiliarise.com\\\/wp-content\\\/uploads\\\/2023\\\/12\\\/AdobeStock_117766816-scaled.jpeg\",\"datePublished\":\"2024-11-07T23:07:54+00:00\",\"dateModified\":\"2025-02-14T11:07:59+00:00\",\"description\":\"Holistic Women\u2019s Health. Discover holistic support for women\u2019s health, fertility, pregnancy, birth, postpartum.\",\"breadcrumb\":{\"@id\":\"https:\\\/\\\/femiliarise.com\\\/holistic-womens-health\\\/#breadcrumb\"},\"inLanguage\":\"nb-NO\",\"potentialAction\":[{\"@type\":\"ReadAction\",\"target\":[\"https:\\\/\\\/femiliarise.com\\\/holistic-womens-health\\\/\"]}]},{\"@type\":\"ImageObject\",\"inLanguage\":\"nb-NO\",\"@id\":\"https:\\\/\\\/femiliarise.com\\\/holistic-womens-health\\\/#primaryimage\",\"url\":\"https:\\\/\\\/femiliarise.com\\\/wp-content\\\/uploads\\\/2023\\\/12\\\/AdobeStock_117766816-scaled.jpeg\",\"contentUrl\":\"https:\\\/\\\/femiliarise.com\\\/wp-content\\\/uploads\\\/2023\\\/12\\\/AdobeStock_117766816-scaled.jpeg\",\"width\":2560,\"height\":1709,\"caption\":\"Holistic Women\u2019s Health\"},{\"@type\":\"BreadcrumbList\",\"@id\":\"https:\\\/\\\/femiliarise.com\\\/holistic-womens-health\\\/#breadcrumb\",\"itemListElement\":[{\"@type\":\"ListItem\",\"position\":1,\"name\":\"Home\",\"item\":\"https:\\\/\\\/femiliarise.com\\\/\"},{\"@type\":\"ListItem\",\"position\":2,\"name\":\"Holistic Women\u2019s Health\"}]},{\"@type\":\"WebSite\",\"@id\":\"https:\\\/\\\/femiliarise.com\\\/#website\",\"url\":\"https:\\\/\\\/femiliarise.com\\\/\",\"name\":\"Femiliarise\",\"description\":\"Midwife &amp; Lactation Consultant\",\"potentialAction\":[{\"@type\":\"SearchAction\",\"target\":{\"@type\":\"EntryPoint\",\"urlTemplate\":\"https:\\\/\\\/femiliarise.com\\\/?s={search_term_string}\"},\"query-input\":{\"@type\":\"PropertyValueSpecification\",\"valueRequired\":true,\"valueName\":\"search_term_string\"}}],\"inLanguage\":\"nb-NO\"}]}<\/script>\n<!-- \/ Yoast SEO Premium plugin. -->","yoast_head_json":{"title":"Holistic Women\u2019s Health, Pregnancy, and Family Care","description":"Holistic Women\u2019s Health. Discover holistic support for women\u2019s health, fertility, pregnancy, birth, postpartum.","robots":{"index":"index","follow":"follow","max-snippet":"max-snippet:-1","max-image-preview":"max-image-preview:large","max-video-preview":"max-video-preview:-1"},"canonical":"https:\/\/femiliarise.com\/nb\/holistic-womens-health\/","og_locale":"nb_NO","og_type":"article","og_title":"Holistic Women\u2019s Health","og_description":"Holistic Women\u2019s Health. Discover holistic support for women\u2019s health, fertility, pregnancy, birth, postpartum.","og_url":"https:\/\/femiliarise.com\/nb\/holistic-womens-health\/","og_site_name":"Femiliarise","article_modified_time":"2025-02-14T11:07:59+00:00","og_image":[{"width":2560,"height":1709,"url":"https:\/\/femiliarise.com\/wp-content\/uploads\/2023\/12\/AdobeStock_117766816-scaled.jpeg","type":"image\/jpeg"}],"twitter_card":"summary_large_image","twitter_misc":{"Ansl. lesetid":"2 minutter"},"schema":{"@context":"https:\/\/schema.org","@graph":[{"@type":"WebPage","@id":"https:\/\/femiliarise.com\/holistic-womens-health\/","url":"https:\/\/femiliarise.com\/holistic-womens-health\/","name":"Holistic Women\u2019s Health, Pregnancy, and Family Care","isPartOf":{"@id":"https:\/\/femiliarise.com\/#website"},"primaryImageOfPage":{"@id":"https:\/\/femiliarise.com\/holistic-womens-health\/#primaryimage"},"image":{"@id":"https:\/\/femiliarise.com\/holistic-womens-health\/#primaryimage"},"thumbnailUrl":"https:\/\/femiliarise.com\/wp-content\/uploads\/2023\/12\/AdobeStock_117766816-scaled.jpeg","datePublished":"2024-11-07T23:07:54+00:00","dateModified":"2025-02-14T11:07:59+00:00","description":"Holistic Women\u2019s Health. Discover holistic support for women\u2019s health, fertility, pregnancy, birth, postpartum.","breadcrumb":{"@id":"https:\/\/femiliarise.com\/holistic-womens-health\/#breadcrumb"},"inLanguage":"nb-NO","potentialAction":[{"@type":"ReadAction","target":["https:\/\/femiliarise.com\/holistic-womens-health\/"]}]},{"@type":"ImageObject","inLanguage":"nb-NO","@id":"https:\/\/femiliarise.com\/holistic-womens-health\/#primaryimage","url":"https:\/\/femiliarise.com\/wp-content\/uploads\/2023\/12\/AdobeStock_117766816-scaled.jpeg","contentUrl":"https:\/\/femiliarise.com\/wp-content\/uploads\/2023\/12\/AdobeStock_117766816-scaled.jpeg","width":2560,"height":1709,"caption":"Holistic Women\u2019s Health"},{"@type":"BreadcrumbList","@id":"https:\/\/femiliarise.com\/holistic-womens-health\/#breadcrumb","itemListElement":[{"@type":"ListItem","position":1,"name":"Home","item":"https:\/\/femiliarise.com\/"},{"@type":"ListItem","position":2,"name":"Holistic Women\u2019s Health"}]},{"@type":"WebSite","@id":"https:\/\/femiliarise.com\/#website","url":"https:\/\/femiliarise.com\/","name":"Femiliarise","description":"Jordmor &amp; Ammeveileder","potentialAction":[{"@type":"SearchAction","target":{"@type":"EntryPoint","urlTemplate":"https:\/\/femiliarise.com\/?s={search_term_string}"},"query-input":{"@type":"PropertyValueSpecification","valueRequired":true,"valueName":"search_term_string"}}],"inLanguage":"nb-NO"}]}},"_links":{"self":[{"href":"https:\/\/femiliarise.com\/nb\/wp-json\/wp\/v2\/pages\/1144","targetHints":{"allow":["GET"]}}],"collection":[{"href":"https:\/\/femiliarise.com\/nb\/wp-json\/wp\/v2\/pages"}],"about":[{"href":"https:\/\/femiliarise.com\/nb\/wp-json\/wp\/v2\/types\/page"}],"author":[{"embeddable":true,"href":"https:\/\/femiliarise.com\/nb\/wp-json\/wp\/v2\/users\/2"}],"replies":[{"embeddable":true,"href":"https:\/\/femiliarise.com\/nb\/wp-json\/wp\/v2\/comments?post=1144"}],"version-history":[{"count":18,"href":"https:\/\/femiliarise.com\/nb\/wp-json\/wp\/v2\/pages\/1144\/revisions"}],"predecessor-version":[{"id":1449,"href":"https:\/\/femiliarise.com\/nb\/wp-json\/wp\/v2\/pages\/1144\/revisions\/1449"}],"wp:featuredmedia":[{"embeddable":true,"href":"https:\/\/femiliarise.com\/nb\/wp-json\/wp\/v2\/media\/954"}],"wp:attachment":[{"href":"https:\/\/femiliarise.com\/nb\/wp-json\/wp\/v2\/media?parent=1144"}],"curies":[{"name":"wp","href":"https:\/\/api.w.org\/{rel}","templated":true}]}}