{"id":255,"date":"2024-09-26T12:26:34","date_gmt":"2024-09-26T09:26:34","guid":{"rendered":"https:\/\/femiliarise.com\/?page_id=255"},"modified":"2024-10-21T14:30:33","modified_gmt":"2024-10-21T11:30:33","slug":"reproductive-sexual-health","status":"publish","type":"page","link":"https:\/\/femiliarise.com\/nb\/reproductive-sexual-health\/","title":{"rendered":"Reproduktiv &amp; Seksuell helse"},"content":{"rendered":"<div class=\"banner has-hover\" id=\"banner-401599342\">\n          <div class=\"banner-inner fill\">\n        <div class=\"banner-bg fill\" >\n            <img loading=\"lazy\" decoding=\"async\" width=\"2560\" height=\"1707\" src=\"https:\/\/femiliarise.com\/wp-content\/uploads\/2024\/09\/AdobeStock_208959784-scaled.jpeg\" class=\"bg attachment-original size-original\" alt=\"\" \/>                                    \n                    <\/div>\n\t\t\n        <div class=\"banner-layers container\">\n            <div class=\"fill banner-link\"><\/div>            \n\n   <div id=\"text-box-903571483\" class=\"text-box banner-layer hidden x50 md-x50 lg-x50 y50 md-y50 lg-y50 res-text\">\n                                <div class=\"text-box-content text dark\">\n              \n              <div class=\"text-inner text-center\">\n                  \n\n<h3 class=\"uppercase\"><strong>This is a simple banner<\/strong><\/h3>\n<p>Lorem ipsum dolor sit amet, consectetuer adipiscing elit, sed diam nonummy nibh euismod tincidunt ut laoreet dolore magna aliquam erat volutpat.<\/p>\n\n              <\/div>\n           <\/div>\n                            \n<style>\n#text-box-903571483 {\n  width: 60%;\n}\n#text-box-903571483 .text-box-content {\n  font-size: 100%;\n}\n<\/style>\n    <\/div>\n \n\n        <\/div>\n      <\/div>\n\n            \n<style>\n#banner-401599342 {\n  padding-top: 400px;\n}\n#banner-401599342 .banner-bg img {\n  object-position: 41% 90%;\n}\n@media (min-width:550px) {\n  #banner-401599342 {\n    padding-top: 580px;\n  }\n}\n<\/style>\n  <\/div>\n\n\n\n\t<section class=\"section\" id=\"section_411575570\">\n\t\t<div class=\"section-bg fill\" >\n\t\t\t\t\t\t\t\t\t<div class=\"section-bg-overlay absolute fill\"><\/div>\n\t\t\t\n\n\t\t<\/div>\n\n\t\t\n\n\t\t<div class=\"section-content relative\">\n\t\t\t\n\n<div class=\"row\"  id=\"row-1436057977\">\n\n\n\t<div id=\"col-1616600344\" class=\"col small-12 large-12\"  data-animate=\"fadeInUp\">\n\t\t\t\t<div class=\"col-inner\" style=\"background-color:rgb(255,255,255);\" >\n\t\t\t\n\t\t\t\n\n\t<div id=\"text-2231967012\" class=\"text\">\n\t\t\n\n\n\t\t\n<style>\n#text-2231967012 {\n  font-size: 1.2rem;\n}\n@media (min-width:550px) {\n  #text-2231967012 {\n    font-size: 1.5rem;\n  }\n}\n<\/style>\n\t<\/div>\n\t\n\t<div id=\"text-347551475\" class=\"text\">\n\t\t\n\n<p style=\"text-align: center;\">B\u00e5de reproduktiv og seksuell helse er viktige elementer i din generelle helse og velv\u00e6re.<br \/>Femiliarise tilbyr et bredt spekter av tjenester for \u00e5 st\u00f8tte dine behov.<\/p>\n\t\t\n<style>\n#text-347551475 {\n  font-size: 1.35rem;\n}\n@media (min-width:550px) {\n  #text-347551475 {\n    font-size: 1.6rem;\n  }\n}\n<\/style>\n\t<\/div>\n\t\n\n\t\t<\/div>\n\t\t\t\t\n<style>\n#col-1616600344 > .col-inner {\n  padding: 50px 0px 0px 10px;\n  margin: -100px 0px 0px 0px;\n  border-radius: 11px;\n}\n@media (min-width:550px) {\n  #col-1616600344 > .col-inner {\n    padding: 50px 0px 30px 0px;\n  }\n}\n<\/style>\n\t<\/div>\n\n\t\n\n<\/div>\n\n\t\t<\/div>\n\n\t\t\n<style>\n#section_411575570 {\n  padding-top: 30px;\n  padding-bottom: 30px;\n  background-color: rgb(242, 240, 233);\n}\n#section_411575570 .section-bg-overlay {\n  background-color: rgb(242, 240, 233);\n}\n<\/style>\n\t<\/section>\n\t\n\t<div id=\"gap-77194468\" class=\"gap-element clearfix\" style=\"display:block; height:auto;\">\n\t\t\n<style>\n#gap-77194468 {\n  padding-top: 0px;\n}\n@media (min-width:550px) {\n  #gap-77194468 {\n    padding-top: 50px;\n  }\n}\n<\/style>\n\t<\/div>\n\t\n\n<span class=\"scroll-to\" data-label=\"Scroll to: #menstrual\" data-bullet=\"false\" data-link=\"#menstrual\" data-title=\"MENSTRUAL\"><a name=\"menstrual\"><\/a><\/span>\n\n\n\t<section class=\"section\" id=\"section_647880148\">\n\t\t<div class=\"section-bg fill\" >\n\t\t\t\t\t\t\t\t\t\n\t\t\t\n\n\t\t<\/div>\n\n\t\t\n\n\t\t<div class=\"section-content relative\">\n\t\t\t\n\n<div class=\"row align-middle\"  id=\"row-1939882680\">\n\n\n\t<div id=\"col-1219895005\" class=\"col medium-6 small-12 large-6\"  >\n\t\t\t\t<div class=\"col-inner\"  >\n\t\t\t\n\t\t\t\n\n\n  <div class=\"banner has-hover\" id=\"banner-244210033\">\n          <div class=\"banner-inner fill\">\n        <div class=\"banner-bg fill\" >\n            <img loading=\"lazy\" decoding=\"async\" width=\"2560\" height=\"1707\" src=\"https:\/\/femiliarise.com\/wp-content\/uploads\/2024\/09\/AdobeStock_480999908-scaled.jpeg\" class=\"bg attachment-original size-original\" alt=\"\" \/>                                    \n                    <\/div>\n\t\t\n        <div class=\"banner-layers container\">\n            <div class=\"fill banner-link\"><\/div>            \n\n   <div id=\"text-box-1926016916\" class=\"text-box banner-layer hidden x50 md-x50 lg-x50 y50 md-y50 lg-y50 res-text\">\n                                <div class=\"text-box-content text dark\">\n              \n              <div class=\"text-inner text-center\">\n                  \n\n<h3 class=\"uppercase\"><strong>This is a simple banner<\/strong><\/h3>\n<p>Lorem ipsum dolor sit amet, consectetuer adipiscing elit, sed diam nonummy nibh euismod tincidunt ut laoreet dolore magna aliquam erat volutpat.<\/p>\n\n              <\/div>\n           <\/div>\n                            \n<style>\n#text-box-1926016916 {\n  width: 60%;\n}\n#text-box-1926016916 .text-box-content {\n  font-size: 100%;\n}\n<\/style>\n    <\/div>\n \n\n        <\/div>\n      <\/div>\n\n            \n<style>\n#banner-244210033 {\n  padding-top: 500px;\n}\n<\/style>\n  <\/div>\n\n\n\n\t\t<\/div>\n\t\t\t\t\t<\/div>\n\n\t\n\n\t<div id=\"col-1941139683\" class=\"col medium-6 small-12 large-6\"  data-animate=\"fadeInRight\">\n\t\t\t\t<div class=\"col-inner\"  >\n\t\t\t\n\t\t\t\n\n\t<div id=\"text-2317120583\" class=\"text\">\n\t\t\n\n<h2><span style=\"color: #000000; font-size: 170%;\">Menstruasjonssyklusens Helse\u00a0<\/span><\/h2>\n\t\t\n<style>\n#text-2317120583 {\n  font-size: 1.2rem;\n}\n<\/style>\n\t<\/div>\n\t\n\t<div id=\"text-2080472140\" class=\"text\">\n\t\t\n\n<p><span style=\"color: #000000;\">Den menstruelle syklus regnes som det femte vitale tegnet i en kvinnes liv. Fra menark <\/span><span style=\"color: #000000;\">\u03bfg reproduksjon til overgangsalderen, varierer egenskapene, behovene og effektene av den menstruelle syklusen <\/span><span style=\"color: #000000;\">betydelig.<\/span><\/p>\n<p><span style=\"color: #000000;\">De hormonelle endringene som skjer i denne fasen, kan p\u00e5virke hum\u00f8ret ditt, kroppen din, s\u00f8vnm\u00f8nsteret <\/span><span style=\"color: #000000;\">(d\u00f8gnrytme) og fruktbarhetsvinduet ditt.<\/span><\/p>\n<p><span style=\"color: #000000;\">\u00c5 kartlegge m\u00f8nsteret i den m\u00e5nedlige syklusen din kan gi nyttig informasjon om din <\/span><span style=\"color: #000000;\">den reproduktive og generelle helsen din.I l\u00f8pet av denne prosessen kan vi oppdage hormonelle ubalanser og gjennomg\u00e5 eller anbefale blodpr\u00f8ver. Hvis det er n\u00f8dvendig, kan du bli henvist til spesialisthelsetjenesten. I hvert tilfelle utvikler vi en individuell plan som hjelper deg med \u00e5 synkronisere deg helhetlig med menstruasjonssyklusen din. <\/span>Plannen er basert p\u00e5 trening, n\u00e6ringsstofer og livstil.<\/p>\n<p>Denne tjenesten er ogs\u00e5 gunstig etter avslutning av hormonell prevensjon, da den kan hjelpe kroppen din med \u00e5 gjenopprette sin naturlige hormonbalanse.<\/p>\n\t\t\n<style>\n#text-2080472140 {\n  font-size: 1.2rem;\n}\n<\/style>\n\t<\/div>\n\t\n\n\t\t<\/div>\n\t\t\t\t\n<style>\n#col-1941139683 > .col-inner {\n  padding: 0px 0px 0px 10px;\n}\n<\/style>\n\t<\/div>\n\n\t\n\n<\/div>\n<div class=\"row\"  id=\"row-2138777845\">\n\n\n\t<div id=\"col-2134973689\" class=\"col small-12 large-12\"  >\n\t\t\t\t<div class=\"col-inner\"  >\n\t\t\t\n\t\t\t\n\n\t<div id=\"text-2747849300\" class=\"text\">\n\t\t\n\n\n\t\t\n<style>\n#text-2747849300 {\n  font-size: 1.2rem;\n}\n<\/style>\n\t<\/div>\n\t\n\n\t\t<\/div>\n\t\t\t\t\n<style>\n#col-2134973689 > .col-inner {\n  padding: 0px 0px 0px 10px;\n}\n<\/style>\n\t<\/div>\n\n\t\n\n<\/div>\n\n\t\t<\/div>\n\n\t\t\n<style>\n#section_647880148 {\n  padding-top: 30px;\n  padding-bottom: 30px;\n}\n<\/style>\n\t<\/section>\n\t\n\t<div id=\"gap-659700993\" class=\"gap-element clearfix\" style=\"display:block; height:auto;\">\n\t\t\n<style>\n#gap-659700993 {\n  padding-top: 50px;\n}\n<\/style>\n\t<\/div>\n\t\n\n<span class=\"scroll-to\" data-label=\"Scroll to: #pregnacyloss\" data-bullet=\"false\" data-link=\"#pregnacyloss\" data-title=\"PREGNACY LOSS\"><a name=\"pregnacyloss\"><\/a><\/span>\n\n\n\t<section class=\"section\" id=\"section_1450097163\">\n\t\t<div class=\"section-bg fill\" >\n\t\t\t\t\t\t\t\t\t<div class=\"section-bg-overlay absolute fill\"><\/div>\n\t\t\t\n\n\t\t<\/div>\n\n\t\t\n\n\t\t<div class=\"section-content relative\">\n\t\t\t\n\n\t<div id=\"gap-1047031913\" class=\"gap-element clearfix\" style=\"display:block; height:auto;\">\n\t\t\n<style>\n#gap-1047031913 {\n  padding-top: 80px;\n}\n@media (min-width:550px) {\n  #gap-1047031913 {\n    padding-top: 100px;\n  }\n}\n<\/style>\n\t<\/div>\n\t\n\n<div class=\"row align-middle\"  id=\"row-97173131\">\n\n\n\t<div id=\"col-1303838628\" class=\"col medium-6 small-12 large-6\"  data-animate=\"fadeInLeft\">\n\t\t\t\t<div class=\"col-inner\"  >\n\t\t\t\n\t\t\t\n\n\t<div id=\"text-3010406665\" class=\"text\">\n\t\t\n\n<h2 style=\"text-align: left;\"><span style=\"color: #000000; font-size: 170%;\"><b>Svangerskapstap<\/b><\/span><\/h2>\n\t\t\n<style>\n#text-3010406665 {\n  font-size: 1.2rem;\n}\n<\/style>\n\t<\/div>\n\t\n\t<div id=\"text-4114167591\" class=\"text\">\n\t\t\n\n<p><span style=\"color: #000000;\">Noen sjeler er f\u00f8dt s\u00f8vnige.<\/span><br \/><span style=\"color: #000000;\">Noen sjeler fikk ikke sjansen til \u00e5 overleve.<\/span><br \/><span style=\"color: #000000;\">Andre hadde ikke det riktige milj\u00f8et for \u00e5 bli f\u00f8dt.<\/span><\/p>\n<p><span style=\"color: #000000;\">Avhengig av hvilken uke i svangerskapet tapet skjedde, varierer behandlingen. <\/span><span style=\"color: #000000;\">I alle tilfeller st\u00e5r kvinnen og hennes familie overfor mange utfordringer.<\/span><br \/><span style=\"color: #000000;\">Bekkenomr\u00e5det opplever forskjeller i energi og dynamikk. Det kan ogs\u00e5 lagre f\u00f8lelser og traumer.<\/span><\/p>\n<p>Femiliarise tilbyr st\u00f8tte under hele restitusjonsprosessen, inkludert bekkenrestitusjon, emosjonell omsorg ved svangerskapstap og hjelp med undertrykkelse av amming (der det er aktuelt). N\u00e5r du f\u00f8ler deg klar, kan vi diskutere forberedelsen av kroppen din til unnfangelse.<\/p>\n\t\t\n<style>\n#text-4114167591 {\n  font-size: 1.2rem;\n}\n<\/style>\n\t<\/div>\n\t\n\n\t\t<\/div>\n\t\t\t\t\t<\/div>\n\n\t\n\n\t<div id=\"col-1126723219\" class=\"col medium-6 small-12 large-6\"  >\n\t\t\t\t<div class=\"col-inner\"  >\n\t\t\t\n\t\t\t\n\n\n  <div class=\"banner has-hover\" id=\"banner-1376754634\">\n          <div class=\"banner-inner fill\">\n        <div class=\"banner-bg fill\" >\n            <img loading=\"lazy\" decoding=\"async\" width=\"2560\" height=\"1196\" src=\"https:\/\/femiliarise.com\/wp-content\/uploads\/2024\/09\/AdobeStock_1033646940-scaled.jpeg\" class=\"bg attachment-original size-original\" alt=\"\" \/>                                    \n                    <\/div>\n\t\t\n        <div class=\"banner-layers container\">\n            <div class=\"fill banner-link\"><\/div>            \n\n   <div id=\"text-box-1689748269\" class=\"text-box banner-layer hidden x50 md-x50 lg-x50 y50 md-y50 lg-y50 res-text\">\n                                <div class=\"text-box-content text dark\">\n              \n              <div class=\"text-inner text-center\">\n                  \n\n<h3 class=\"uppercase\"><strong>This is a simple banner<\/strong><\/h3>\n<p>Lorem ipsum dolor sit amet, consectetuer adipiscing elit, sed diam nonummy nibh euismod tincidunt ut laoreet dolore magna aliquam erat volutpat.<\/p>\n\n              <\/div>\n           <\/div>\n                            \n<style>\n#text-box-1689748269 {\n  width: 60%;\n}\n#text-box-1689748269 .text-box-content {\n  font-size: 100%;\n}\n<\/style>\n    <\/div>\n \n\n        <\/div>\n      <\/div>\n\n            \n<style>\n#banner-1376754634 {\n  padding-top: 500px;\n}\n#banner-1376754634 .banner-bg img {\n  object-position: 0% 39%;\n}\n<\/style>\n  <\/div>\n\n\n\n\t\t<\/div>\n\t\t\t\t\t<\/div>\n\n\t\n\n<\/div>\n\t<div id=\"gap-444801866\" class=\"gap-element clearfix\" style=\"display:block; height:auto;\">\n\t\t\n<style>\n#gap-444801866 {\n  padding-top: 0px;\n}\n<\/style>\n\t<\/div>\n\t\n\n\n\n\t<div id=\"gap-1262678368\" class=\"gap-element clearfix\" style=\"display:block; height:auto;\">\n\t\t\n<style>\n#gap-1262678368 {\n  padding-top: 0px;\n}\n<\/style>\n\t<\/div>\n\t\n\n<div class=\"row\"  id=\"row-356420234\">\n\n\n\t<div id=\"col-1382451434\" class=\"col small-12 large-12\"  >\n\t\t\t\t<div class=\"col-inner\"  >\n\t\t\t\n\t\t\t\n\n\t<div id=\"text-738482776\" class=\"text\">\n\t\t\n\n\n\t\t\n<style>\n#text-738482776 {\n  font-size: 1.2rem;\n}\n<\/style>\n\t<\/div>\n\t\n\n\t\t<\/div>\n\t\t\t\t\t<\/div>\n\n\t\n\n<\/div>\n\t<div id=\"gap-1418458670\" class=\"gap-element clearfix\" style=\"display:block; height:auto;\">\n\t\t\n<style>\n#gap-1418458670 {\n  padding-top: 30px;\n}\n@media (min-width:550px) {\n  #gap-1418458670 {\n    padding-top: 0px;\n  }\n}\n<\/style>\n\t<\/div>\n\t\n\n\n\t\t<\/div>\n\n\t\t\n<style>\n#section_1450097163 {\n  padding-top: 30px;\n  padding-bottom: 30px;\n  background-color: rgba(242, 240, 233, 0);\n}\n#section_1450097163 .section-bg-overlay {\n  background-color: rgba(242, 240, 233, 0);\n}\n<\/style>\n\t<\/section>\n\t\n\n\t<div id=\"gap-1165487756\" class=\"gap-element clearfix\" style=\"display:block; height:auto;\">\n\t\t\n<style>\n#gap-1165487756 {\n  padding-top: 30px;\n}\n@media (min-width:550px) {\n  #gap-1165487756 {\n    padding-top: 50px;\n  }\n}\n<\/style>\n\t<\/div>\n\t\n\n\t<div id=\"gap-722089939\" class=\"gap-element clearfix\" style=\"display:block; height:auto;\">\n\t\t\n<style>\n#gap-722089939 {\n  padding-top: 0px;\n}\n<\/style>\n\t<\/div>\n\t\n\n<span class=\"scroll-to\" data-label=\"Scroll to: #menopause\" data-bullet=\"false\" data-link=\"#menopause\" data-title=\"MENOPAUSE\"><a name=\"menopause\"><\/a><\/span>\n\n\t<div id=\"gap-723012762\" class=\"gap-element clearfix\" style=\"display:block; height:auto;\">\n\t\t\n<style>\n#gap-723012762 {\n  padding-top: 50px;\n}\n<\/style>\n\t<\/div>\n\t\n\n\n\t<section class=\"section\" id=\"section_1473719892\">\n\t\t<div class=\"section-bg fill\" >\n\t\t\t\t\t\t\t\t\t\n\t\t\t\n\n\t\t<\/div>\n\n\t\t\n\n\t\t<div class=\"section-content relative\">\n\t\t\t\n\n<div class=\"row align-bottom\"  id=\"row-985376772\">\n\n\n\t<div id=\"col-1775652774\" class=\"col medium-6 small-12 large-6\"  >\n\t\t\t\t<div class=\"col-inner\"  >\n\t\t\t\n\t\t\t\n\n\n  <div class=\"banner has-hover\" id=\"banner-730958265\">\n          <div class=\"banner-inner fill\">\n        <div class=\"banner-bg fill\" >\n            <img loading=\"lazy\" decoding=\"async\" width=\"2560\" height=\"1920\" src=\"https:\/\/femiliarise.com\/wp-content\/uploads\/2024\/09\/AdobeStock_434290813-scaled.jpeg\" class=\"bg attachment-original size-original\" alt=\"\" \/>                                    \n                    <\/div>\n\t\t\n        <div class=\"banner-layers container\">\n            <div class=\"fill banner-link\"><\/div>            \n\n   <div id=\"text-box-232913886\" class=\"text-box banner-layer hidden x50 md-x50 lg-x50 y50 md-y50 lg-y50 res-text\">\n                                <div class=\"text-box-content text dark\">\n              \n              <div class=\"text-inner text-center\">\n                  \n\n<h3 class=\"uppercase\"><strong>This is a simple banner<\/strong><\/h3>\n<p>Lorem ipsum dolor sit amet, consectetuer adipiscing elit, sed diam nonummy nibh euismod tincidunt ut laoreet dolore magna aliquam erat volutpat.<\/p>\n\n              <\/div>\n           <\/div>\n                            \n<style>\n#text-box-232913886 {\n  width: 60%;\n}\n#text-box-232913886 .text-box-content {\n  font-size: 100%;\n}\n<\/style>\n    <\/div>\n \n\n        <\/div>\n      <\/div>\n\n            \n<style>\n#banner-730958265 {\n  padding-top: 500px;\n}\n#banner-730958265 .banner-bg img {\n  object-position: 0% 43%;\n}\n<\/style>\n  <\/div>\n\n\n\n\t\t<\/div>\n\t\t\t\t\t<\/div>\n\n\t\n\n\t<div id=\"col-702024223\" class=\"col medium-6 small-12 large-6\"  data-animate=\"fadeInRight\">\n\t\t\t\t<div class=\"col-inner\"  >\n\t\t\t\n\t\t\t\n\n\t<div id=\"text-137505732\" class=\"text\">\n\t\t\n\n<h2><span style=\"color: #000000; font-size: 170%;\">Overgangsalder<\/span><\/h2>\n\t\t\n<style>\n#text-137505732 {\n  font-size: 1.2rem;\n}\n<\/style>\n\t<\/div>\n\t\n\t<div id=\"text-3396305075\" class=\"text\">\n\t\t\n\n<p><span style=\"color: #000000;\">Peri-menopausal (klimakterium) og menopausale faser indikerer nedgangen og slutten p\u00e5 den reproduktive syklusen i en kvinnes liv.<\/span><\/p>\n<p><span style=\"color: #000000;\">Dette skjer ikke bare n\u00e5r de reproduktive hormonene naturlig avtar, men ogs\u00e5 ved<\/span><span style=\"color: #000000;\">en operasjon som fjerner eggstokkene (ooforektomi),<\/span><span style=\"color: #000000;\">kjemoterapi, str\u00e5lebehandling<\/span><span style=\"color: #000000;\">prim\u00e6r ovarial insuffisiens.<\/span><\/p>\n<p><span style=\"color: #000000;\">De hormonelle, fysiske og emosjonelle endringene forbundet med dette kan p\u00e5virke hverdagen p\u00e5 forskjellige niv\u00e5er.<\/span><\/p>\n<p>Femiliarise kan hjelpe deg med \u00e5 omfavne og st\u00f8tte kroppens naturlige rytmer. I tillegg vil vi utforske m\u00e5ter \u00e5 forbedre din seksuelle helse og h\u00e5ndtere symptomer.<\/p>\n\t\t\n<style>\n#text-3396305075 {\n  font-size: 1.2rem;\n}\n<\/style>\n\t<\/div>\n\t\n\n\t\t<\/div>\n\t\t\t\t\n<style>\n#col-702024223 > .col-inner {\n  padding: 0px 0px 0px 10px;\n}\n<\/style>\n\t<\/div>\n\n\t\n\n<\/div>\n<div class=\"row\"  id=\"row-207758329\">\n\n\n\t<div id=\"col-548852765\" class=\"col small-12 large-12\"  >\n\t\t\t\t<div class=\"col-inner\"  >\n\t\t\t\n\t\t\t\n\n\t<div id=\"text-3586929372\" class=\"text\">\n\t\t\n\n\n\t\t\n<style>\n#text-3586929372 {\n  font-size: 1.2rem;\n}\n<\/style>\n\t<\/div>\n\t\n\n\t\t<\/div>\n\t\t\t\t\n<style>\n#col-548852765 > .col-inner {\n  padding: 0px 0px 0px 10px;\n}\n<\/style>\n\t<\/div>\n\n\t\n\n<\/div>\n\n\t\t<\/div>\n\n\t\t\n<style>\n#section_1473719892 {\n  padding-top: 30px;\n  padding-bottom: 30px;\n}\n<\/style>\n\t<\/section>\n\t\n<span class=\"scroll-to\" data-label=\"Scroll to: #sexualplans\" data-bullet=\"false\" data-link=\"#sexualplans\" data-title=\"PLANS\"><a name=\"sexualplans\"><\/a><\/span>\n\n\n\t<section class=\"section\" id=\"section_419916783\">\n\t\t<div class=\"section-bg fill\" >\n\t\t\t\t\t\t\t\t\t\n\t\t\t\n\n\t\t<\/div>\n\n\t\t\n\n\t\t<div class=\"section-content relative\">\n\t\t\t\n\n<div class=\"row align-equal\"  id=\"row-1152062636\">\n\n\n\n\n\n<\/div>\n\n\t\t<\/div>\n\n\t\t\n<style>\n#section_419916783 {\n  padding-top: 30px;\n  padding-bottom: 30px;\n}\n<\/style>\n\t<\/section>\n\t\n\n<div class=\"row\"  id=\"row-1859800523\">\n\n\n\n<\/div>","protected":false},"excerpt":{"rendered":"","protected":false},"author":1,"featured_media":0,"parent":0,"menu_order":0,"comment_status":"closed","ping_status":"closed","template":"page-blank.php","meta":{"footnotes":""},"class_list":["post-255","page","type-page","status-publish","hentry"],"yoast_head":"<!-- This site is optimized with the Yoast SEO Premium plugin v27.5 (Yoast SEO v27.5) - https:\/\/yoast.com\/product\/yoast-seo-premium-wordpress\/ -->\n<title>Reproductive &amp; Sexual Health - Femiliarise<\/title>\n<meta name=\"robots\" content=\"index, follow, max-snippet:-1, max-image-preview:large, max-video-preview:-1\" \/>\n<link rel=\"canonical\" href=\"https:\/\/femiliarise.com\/nb\/reproductive-sexual-health\/\" \/>\n<meta property=\"og:locale\" content=\"nb_NO\" \/>\n<meta property=\"og:type\" content=\"article\" \/>\n<meta property=\"og:title\" content=\"Reproductive &amp; Sexual Health\" \/>\n<meta property=\"og:url\" content=\"https:\/\/femiliarise.com\/nb\/reproductive-sexual-health\/\" \/>\n<meta property=\"og:site_name\" content=\"Femiliarise\" \/>\n<meta property=\"article:modified_time\" content=\"2024-10-21T11:30:33+00:00\" \/>\n<meta name=\"twitter:card\" content=\"summary_large_image\" \/>\n<meta name=\"twitter:label1\" content=\"Ansl. lesetid\" \/>\n\t<meta name=\"twitter:data1\" content=\"1 minutt\" \/>\n<script type=\"application\/ld+json\" class=\"yoast-schema-graph\">{\"@context\":\"https:\\\/\\\/schema.org\",\"@graph\":[{\"@type\":\"WebPage\",\"@id\":\"https:\\\/\\\/femiliarise.com\\\/reproductive-sexual-health\\\/\",\"url\":\"https:\\\/\\\/femiliarise.com\\\/reproductive-sexual-health\\\/\",\"name\":\"Reproductive &amp; Sexual Health - Femiliarise\",\"isPartOf\":{\"@id\":\"https:\\\/\\\/femiliarise.com\\\/#website\"},\"datePublished\":\"2024-09-26T09:26:34+00:00\",\"dateModified\":\"2024-10-21T11:30:33+00:00\",\"breadcrumb\":{\"@id\":\"https:\\\/\\\/femiliarise.com\\\/reproductive-sexual-health\\\/#breadcrumb\"},\"inLanguage\":\"nb-NO\",\"potentialAction\":[{\"@type\":\"ReadAction\",\"target\":[\"https:\\\/\\\/femiliarise.com\\\/reproductive-sexual-health\\\/\"]}]},{\"@type\":\"BreadcrumbList\",\"@id\":\"https:\\\/\\\/femiliarise.com\\\/reproductive-sexual-health\\\/#breadcrumb\",\"itemListElement\":[{\"@type\":\"ListItem\",\"position\":1,\"name\":\"Home\",\"item\":\"https:\\\/\\\/femiliarise.com\\\/\"},{\"@type\":\"ListItem\",\"position\":2,\"name\":\"Reproductive &amp; Sexual Health\"}]},{\"@type\":\"WebSite\",\"@id\":\"https:\\\/\\\/femiliarise.com\\\/#website\",\"url\":\"https:\\\/\\\/femiliarise.com\\\/\",\"name\":\"Femiliarise\",\"description\":\"Midwife &amp; Lactation Consultant\",\"potentialAction\":[{\"@type\":\"SearchAction\",\"target\":{\"@type\":\"EntryPoint\",\"urlTemplate\":\"https:\\\/\\\/femiliarise.com\\\/?s={search_term_string}\"},\"query-input\":{\"@type\":\"PropertyValueSpecification\",\"valueRequired\":true,\"valueName\":\"search_term_string\"}}],\"inLanguage\":\"nb-NO\"}]}<\/script>\n<!-- \/ Yoast SEO Premium plugin. -->","yoast_head_json":{"title":"Reproductive &amp; Sexual Health - Femiliarise","robots":{"index":"index","follow":"follow","max-snippet":"max-snippet:-1","max-image-preview":"max-image-preview:large","max-video-preview":"max-video-preview:-1"},"canonical":"https:\/\/femiliarise.com\/nb\/reproductive-sexual-health\/","og_locale":"nb_NO","og_type":"article","og_title":"Reproductive &amp; Sexual Health","og_url":"https:\/\/femiliarise.com\/nb\/reproductive-sexual-health\/","og_site_name":"Femiliarise","article_modified_time":"2024-10-21T11:30:33+00:00","twitter_card":"summary_large_image","twitter_misc":{"Ansl. lesetid":"1 minutt"},"schema":{"@context":"https:\/\/schema.org","@graph":[{"@type":"WebPage","@id":"https:\/\/femiliarise.com\/reproductive-sexual-health\/","url":"https:\/\/femiliarise.com\/reproductive-sexual-health\/","name":"Reproductive &amp; Sexual Health - Femiliarise","isPartOf":{"@id":"https:\/\/femiliarise.com\/#website"},"datePublished":"2024-09-26T09:26:34+00:00","dateModified":"2024-10-21T11:30:33+00:00","breadcrumb":{"@id":"https:\/\/femiliarise.com\/reproductive-sexual-health\/#breadcrumb"},"inLanguage":"nb-NO","potentialAction":[{"@type":"ReadAction","target":["https:\/\/femiliarise.com\/reproductive-sexual-health\/"]}]},{"@type":"BreadcrumbList","@id":"https:\/\/femiliarise.com\/reproductive-sexual-health\/#breadcrumb","itemListElement":[{"@type":"ListItem","position":1,"name":"Home","item":"https:\/\/femiliarise.com\/"},{"@type":"ListItem","position":2,"name":"Reproductive &amp; Sexual Health"}]},{"@type":"WebSite","@id":"https:\/\/femiliarise.com\/#website","url":"https:\/\/femiliarise.com\/","name":"Femiliarise","description":"Jordmor &amp; Ammeveileder","potentialAction":[{"@type":"SearchAction","target":{"@type":"EntryPoint","urlTemplate":"https:\/\/femiliarise.com\/?s={search_term_string}"},"query-input":{"@type":"PropertyValueSpecification","valueRequired":true,"valueName":"search_term_string"}}],"inLanguage":"nb-NO"}]}},"_links":{"self":[{"href":"https:\/\/femiliarise.com\/nb\/wp-json\/wp\/v2\/pages\/255","targetHints":{"allow":["GET"]}}],"collection":[{"href":"https:\/\/femiliarise.com\/nb\/wp-json\/wp\/v2\/pages"}],"about":[{"href":"https:\/\/femiliarise.com\/nb\/wp-json\/wp\/v2\/types\/page"}],"author":[{"embeddable":true,"href":"https:\/\/femiliarise.com\/nb\/wp-json\/wp\/v2\/users\/1"}],"replies":[{"embeddable":true,"href":"https:\/\/femiliarise.com\/nb\/wp-json\/wp\/v2\/comments?post=255"}],"version-history":[{"count":2,"href":"https:\/\/femiliarise.com\/nb\/wp-json\/wp\/v2\/pages\/255\/revisions"}],"predecessor-version":[{"id":257,"href":"https:\/\/femiliarise.com\/nb\/wp-json\/wp\/v2\/pages\/255\/revisions\/257"}],"wp:attachment":[{"href":"https:\/\/femiliarise.com\/nb\/wp-json\/wp\/v2\/media?parent=255"}],"curies":[{"name":"wp","href":"https:\/\/api.w.org\/{rel}","templated":true}]}}